{"id":380,"date":"2018-10-11T18:24:51","date_gmt":"2018-10-11T18:24:51","guid":{"rendered":"http:\/\/sprachschatz.at\/?page_id=380"},"modified":"2018-10-11T19:00:42","modified_gmt":"2018-10-11T19:00:42","slug":"impressum-datenschutz","status":"publish","type":"page","link":"https:\/\/sprachschatz.at\/?page_id=380","title":{"rendered":"Impressum | Datenschutz"},"content":{"rendered":"<h1 class=\"adsimple-221075545\">Impressum<\/h1>\n<p class=\"adsimple-221075545\">Informationspflicht laut \u00a75 E-Commerce Gesetz, \u00a714 Unternehmensgesetzbuch, \u00a763 Gewerbeordnung und Offenlegungspflicht laut \u00a725 Mediengesetz.<\/p>\n<p class=\"adsimple-221075545\"><strong>ZVR:<\/strong>\u00a01788317910<\/p>\n<p class=\"adsimple-221075545\"><strong>Organschaftliche Vertreter<\/strong><br \/>\nObmann\/Obfrau: Dr. Daniela Rotter<br \/>\nObmann\/Obfrau Stellvertreter: Jolande Vogel, MA.<\/p>\n<p class=\"adsimple-221075545\">8020 Graz<br \/>\n<strong>Tel.:<\/strong>\u00a0+43 660 3573962<br \/>\n<strong>E-Mail:<\/strong>\u00a0<a href=\"mailto:lingusti@gmx.at\">lingusti@gmx.at<\/a><\/p>\n<p class=\"adsimple-221075545\"><strong>Vereinszweck:<\/strong><br \/>\nDer Verein SprachSchatz versteht sich als Begegnungs-Raum f\u00fcr Menschen mit unterschiedlichen Sprachbiographien, der auf gegenseitiger Wertsch\u00e4tzung und Respekt sowie Offenheit basiert. Er richtet sich an mehrsprachige Menschen und alle am Thema \u201eMehrsprachigkeit\u201c Interessierten.<\/p>\n<h2 class=\"adsimple-221075545\">EU-Streitschlichtung<\/h2>\n<p>Gem\u00e4\u00df Verordnung \u00fcber Online-Streitbeilegung in Verbraucherangelegenheiten (ODR-Verordnung) m\u00f6chten wir Sie \u00fcber die Online-Streitbeilegungsplattform (OS-Plattform) informieren.<br \/>\nVerbraucher haben die M\u00f6glichkeit, Beschwerden an die Online Streitbeilegungsplattform der Europ\u00e4ischen Kommission unter\u00a0<a class=\"adsimple-221075545\" href=\"https:\/\/ec.europa.eu\/consumers\/odr\/main\/index.cfm?event=main.home2.show&amp;lng=DE\" target=\"_blank\" rel=\"nofollow noopener\">http:\/\/ec.europa.eu\/odr?tid=221075545<\/a>\u00a0zu richten. Die daf\u00fcr notwendigen Kontaktdaten finden Sie oberhalb in unserem Impressum.<\/p>\n<p>Wir m\u00f6chten Sie jedoch darauf hinweisen, dass wir nicht bereit oder verpflichtet sind, an Streitbeilegungsverfahren vor einer Verbraucherschlichtungsstelle teilzunehmen.<\/p>\n<h2 class=\"adsimple-221075545\">Haftung f\u00fcr Inhalte dieser Webseite<\/h2>\n<p>Wir entwickeln die Inhalte dieser Webseite st\u00e4ndig weiter und bem\u00fchen uns korrekte und aktuelle Informationen bereitzustellen. Leider k\u00f6nnen wir keine Haftung f\u00fcr die Korrektheit aller Inhalte auf dieser Webseite \u00fcbernehmen, speziell f\u00fcr jene die seitens Dritter bereitgestellt wurden.<\/p>\n<p>Sollten Ihnen problematische oder rechtswidrige Inhalte auffallen, bitte wir Sie uns umgehend zu kontaktieren, Sie finden die Kontaktdaten im Impressum.<\/p>\n<h2 class=\"adsimple-221075545\">Haftung f\u00fcr Links auf dieser Webseite<\/h2>\n<p>Unsere Webseite enth\u00e4lt Links zu anderen Webseiten f\u00fcr deren Inhalt wir nicht verantwortlich sind. Haftung f\u00fcr verlinkte Websites besteht laut\u00a0<a class=\"adsimple-221075545\" href=\"https:\/\/www.ris.bka.gv.at\/Dokument.wxe?Abfrage=Bundesnormen&amp;Dokumentnummer=NOR40025813&amp;tid=221075545\" target=\"_blank\" rel=\"noopener nofollow\">\u00a7 17 ECG<\/a>\u00a0f\u00fcr uns nicht, da wir keine Kenntnis rechtswidriger T\u00e4tigkeiten hatten und haben, uns solche Rechtswidrigkeiten auch bisher nicht aufgefallen sind und wir Links sofort entfernen w\u00fcrden, wenn uns Rechtswidrigkeiten bekannt werden.<\/p>\n<p>Wenn Ihnen rechtswidrige Links auf unserer Website auffallen, bitte wir Sie uns zu kontaktieren, Sie finden die Kontaktdaten im Impressum.<\/p>\n<h2 class=\"adsimple-221075545\">Urheberrechtshinweis<\/h2>\n<p>Alle Inhalte dieser Webseite (Bilder, Fotos, Texte, Videos) unterliegen dem Urheberrecht. Falls notwendig, werden wir die unerlaubte Nutzung von Teilen der Inhalte unserer Seite rechtlich verfolgen.<\/p>\n<h2 class=\"adsimple-221075545\">Bildernachweis<\/h2>\n<p>Die Bilder, Fotos und Grafiken auf dieser Webseite sind urheberrechtlich gesch\u00fctzt.<\/p>\n<p>Die Bilderrechte liegen bei den folgenden Fotografen und Unternehmen:<\/p>\n<ul class=\"adsimple-221075545\">\n<li class=\"adsimple-221075545\">Verein Sprachschatz<\/li>\n<\/ul>\n<h1 class=\"adsimple-221075545\">Datenschutzerkl\u00e4rung<\/h1>\n<h2 class=\"adsimple-221075545\">Datenschutz<\/h2>\n<p>Wir haben diese Datenschutzerkl\u00e4rung (Fassung 11.10.2018-221075545) verfasst, um Ihnen gem\u00e4\u00df der Vorgaben der Datenschutz-Grundverordnung (EU) 2016\/679 und dem\u00a0<a class=\"adsimple-221075545\" href=\"https:\/\/www.ris.bka.gv.at\/GeltendeFassung.wxe?Abfrage=Bundesnormen&amp;Gesetzesnummer=10001597&amp;tid=221075545\" target=\"_blank\" rel=\"noopener nofollow\">Datenschutzgesetz (DSG)<\/a>\u00a0zu erkl\u00e4ren, welche Informationen wir sammeln, wie wir Daten verwenden und welche Entscheidungsm\u00f6glichkeiten Sie als Besucher dieser Webseite haben.<\/p>\n<p>Leider liegt es in der Natur der Sache, dass diese Erkl\u00e4rungen sehr technisch klingen, wir haben uns bei der Erstellung jedoch bem\u00fcht die wichtigsten Dinge so einfach und klar wie m\u00f6glich zu beschreiben.<\/p>\n<h2 class=\"adsimple-221075545\">Automatische Datenspeicherung<\/h2>\n<p>Wenn Sie heutzutage Webseiten besuchen, werden gewisse Informationen automatisch erstellt und gespeichert, so auch auf dieser Webseite.<\/p>\n<p>Wenn Sie unsere Webseite so wie jetzt gerade besuchen, speichert unser Webserver (Computer auf dem diese Webseite gespeichert ist) automatisch Daten wie<\/p>\n<ul class=\"adsimple-221075545\">\n<li class=\"adsimple-221075545\">die Adresse (URL) der aufgerufenen Webseite<\/li>\n<li class=\"adsimple-221075545\">Browser und Browserversion<\/li>\n<li class=\"adsimple-221075545\">das verwendete Betriebssystem<\/li>\n<li class=\"adsimple-221075545\">die Adresse (URL) der zuvor besuchten Seite (Referrer URL)<\/li>\n<li class=\"adsimple-221075545\">den Hostname und die IP-Adresse des Ger\u00e4ts von welchem aus zugegriffen wird<\/li>\n<li class=\"adsimple-221075545\">Datum und Uhrzeit<\/li>\n<\/ul>\n<p>in Dateien (Webserver-Logfiles).<\/p>\n<p>In der Regel werden Webserver-Logfiles zwei Wochen gespeichert und danach automatisch gel\u00f6scht. Wir geben diese Daten nicht weiter, k\u00f6nnen jedoch nicht ausschlie\u00dfen, dass diese Daten beim Vorliegen von rechtswidrigem Verhalten eingesehen werden.<br \/>\nDie Rechtsgrundlage besteht nach\u00a0<a class=\"adsimple-221075545\" href=\"https:\/\/eur-lex.europa.eu\/legal-content\/DE\/TXT\/HTML\/?uri=CELEX:32016R0679&amp;from=DE&amp;tid=221075545\" target=\"_blank\" rel=\"noopener nofollow\">Artikel 6\u00a0 Absatz 1 f DSGVO<\/a>\u00a0(Rechtm\u00e4\u00dfigkeit der Verarbeitung) darin, dass berechtigtes Interesse daran besteht, den fehlerfreien Betrieb dieser Webseite durch das Erfassen von Webserver-Logfiles zu erm\u00f6glichen.<\/p>\n<h2 class=\"adsimple-221075545\">Speicherung pers\u00f6nlicher Daten<\/h2>\n<p>Pers\u00f6nliche Daten, die Sie uns auf dieser Website elektronisch \u00fcbermitteln, wie zum Beispiel Name, E-Mail-Adresse, Adresse oder andere pers\u00f6nlichen Angaben im Rahmen der \u00dcbermittlung eines Formulars oder Kommentaren im Blog, werden von uns gemeinsam mit dem Zeitpunkt und der IP-Adresse nur zum jeweils angegebenen Zweck verwendet, sicher verwahrt und nicht an Dritte weitergegeben.<\/p>\n<p>Wir nutzen Ihre pers\u00f6nlichen Daten somit nur f\u00fcr die Kommunikation mit jenen Besuchern, die Kontakt ausdr\u00fccklich w\u00fcnschen und f\u00fcr die Abwicklung der auf dieser Webseite angebotenen Dienstleistungen und Produkte. Wir geben Ihre pers\u00f6nlichen Daten ohne Zustimmung nicht weiter, k\u00f6nnen jedoch nicht ausschlie\u00dfen, dass diese Daten beim Vorliegen von rechtswidrigem Verhalten eingesehen werden.<\/p>\n<p>Wenn Sie uns pers\u00f6nliche Daten per E-Mail schicken \u2013 somit abseits dieser Webseite \u2013 k\u00f6nnen wir keine sichere \u00dcbertragung und den Schutz Ihrer Daten garantieren. Wir empfehlen Ihnen, vertrauliche Daten niemals unverschl\u00fcsselt per E-Mail zu \u00fcbermitteln.<\/p>\n<p>Die Rechtsgrundlage besteht nach\u00a0<a class=\"adsimple-221075545\" href=\"https:\/\/eur-lex.europa.eu\/legal-content\/DE\/TXT\/HTML\/?uri=CELEX:32016R0679&amp;from=DE&amp;tid=221075545\" target=\"_blank\" rel=\"noopener nofollow\">Artikel 6\u00a0 Absatz 1 a DSGVO<\/a>\u00a0(Rechtm\u00e4\u00dfigkeit der Verarbeitung) darin, dass Sie uns die Einwilligung zur Verarbeitung der von Ihnen eingegebenen Daten geben. Sie k\u00f6nnen diesen Einwilligung jederzeit widerrufen \u2013 eine formlose E-Mail reicht aus, Sie finden unsere Kontaktdaten im Impressum.<\/p>\n<h2 class=\"adsimple-221075545\">Cookies<\/h2>\n<p>Unsere Website verwendet HTTP-Cookies um nutzerspezifische Daten zu speichern.<br \/>\nEin Cookie ist ein kurzes Datenpaket, welches zwischen Webbrowser und Webserver ausgetauscht wird, f\u00fcr diese aber v\u00f6llig bedeutungslos ist und erst f\u00fcr die Webanwendung, z. B. einen Online-Shop, eine Bedeutung erh\u00e4lt, etwa den Inhalt eines virtuellen Warenkorbes.<\/p>\n<p>Es gibt zwei Arten von Cookies: Erstanbieter-Cookies werden von unserer Website erstellt, Drittanbieter-Cookies werden von anderen Websites (z. B. Google Analytics) erstellt.<br \/>\nBeispielhafte Cookiedaten:<\/p>\n<ul class=\"adsimple-221075545\">\n<li class=\"adsimple-221075545\">Name: _ga<\/li>\n<li class=\"adsimple-221075545\">Ablaufzeit: 2 Jahre<\/li>\n<li class=\"adsimple-221075545\">Verwendung: Unterscheidung der Webseitenbesucher<\/li>\n<li class=\"adsimple-221075545\">Beispielhafter Wert:\u00a0GA1.2.1326744211.152221075545<\/li>\n<\/ul>\n<p>Man unterscheidet drei Kategorien von Cookies: unbedingt notwendige Cookies um grundlegende Funktionen der Website sicherzustellen, funktionelle Cookies um die Leistung der Webseite sicherzustellen und zielorientierte Cookies um das Benutzererlebnis zu verbessern.<\/p>\n<p>Wir nutzen Cookies, um unsere Webseite nutzerfreundlicher zu gestalten. Einige Cookies bleiben auf Ihrem Endger\u00e4t gespeichert, bis Sie diese l\u00f6schen. Sie erm\u00f6glichen es uns, Ihren Browser beim n\u00e4chsten Besuch wiederzuerkennen.<\/p>\n<h3 class=\"adsimple-221075545\">Cookie Einstellungen sehen und Cookies l\u00f6schen<\/h3>\n<p>Wenn Sie feststellen m\u00f6chten, welche Cookies in Ihrem Browser gespeichert wurden, Cookie-Einstellungen \u00e4ndern oder Cookies l\u00f6schen m\u00f6chten, k\u00f6nnen Sie dies in Ihren Browser-Einstellungen finden:<\/p>\n<ul class=\"adsimple-221075545\">\n<li class=\"adsimple-221075545\"><a class=\"adsimple-221075545\" href=\"https:\/\/support.apple.com\/kb\/ph21411?locale=de_AT\" target=\"_blank\" rel=\"noopener nofollow\">Safari: Verwalten von Cookies und Websitedaten mit Safari<\/a><\/li>\n<li class=\"adsimple-221075545\"><a class=\"adsimple-221075545\" href=\"https:\/\/support.mozilla.org\/de\/kb\/cookies-loeschen-daten-von-websites-entfernen\" target=\"_blank\" rel=\"noopener nofollow\">Firefox: Cookies l\u00f6schen, um Daten zu entfernen, die Websites auf Ihrem Computer abgelegt haben<\/a><\/li>\n<li class=\"adsimple-221075545\"><a class=\"adsimple-221075545\" href=\"https:\/\/support.google.com\/chrome\/answer\/95647?co=GENIE.Platform%3DDesktop&amp;hl=de\" target=\"_blank\" rel=\"noopener nofollow\">Chrome: Cookies in Chrome l\u00f6schen, aktivieren und verwalten<\/a><\/li>\n<li class=\"adsimple-221075545\"><a class=\"adsimple-221075545\" href=\"https:\/\/support.microsoft.com\/de-at\/help\/17442\/windows-internet-explorer-delete-manage-cookies\" target=\"_blank\" rel=\"noopener nofollow\">Internet Explorer: L\u00f6schen und Verwalten von Cookies<\/a><\/li>\n<\/ul>\n<p>Wenn Sie die Speicherung von Daten in Cookies nicht w\u00fcnschen, so k\u00f6nnen Sie Ihren Browser so einrichten, dass er Sie \u00fcber das Setzen von Cookies informiert und Sie dies nur im Einzelfall erlauben.\u00a0Sie k\u00f6nnen jederzeit Cookies, die sich bereits auf Ihrem Computer befinden, l\u00f6schen oder Cookies deaktivieren. Die Vorgangsweise dazu ist nach Browser unterschiedlich, am besten Sie suchen die Anleitung in Google mit dem Suchbegriff \u201cCookies l\u00f6schen Chrome\u201d oder \u201eCookies deaktivieren Chrome\u201c im Falle eines Chrome Browsers oder tauschen das Wort \u201eChrome\u201c gegen den Namen Ihres Browsers, z. B. Edge, Firefox, Safari aus.<br \/>\nWenn Sie uns generell nicht gestatten, Cookies zu nutzen, d.h. diese per Browsereinstellung deaktivieren, k\u00f6nnen manche Funktionen und Seiten nicht wie erwartet funktionieren.<\/p>\n<h2 class=\"adsimple-221075545\">Google Fonts Datenschutzerkl\u00e4rung<\/h2>\n<p>Wir verwenden Google Fonts der Firma Google Inc. (1600 Amphitheatre Parkway Mountain View, CA 94043, USA) auf unserer Webseite. Die Verwendung von Google Fonts erfolgt ohne Authentisierung und es werden keine Cookies and die Google Fonts API gesendet. Sollten Sie ein Konto bei Google haben, werden keine Ihrer Google-Kontodaten an Google w\u00e4hrend der Nutzung von Google Fonts \u00fcbermittelt. Google erfasst lediglich die Nutzung von CSS und der verwendeten Fonts und speichert diese Daten sicher. Mehr zu diesen und weiteren Fragen finden Sie auf\u00a0<a class=\"adsimple-221075545\" href=\"https:\/\/developers.google.com\/fonts\/faq\" rel=\"nofollow\">https:\/\/developers.google.com\/fonts\/faq?tid=221075545<\/a>.<\/p>\n<p>Welche Daten von Google erfasst werden und wof\u00fcr diese Daten verwendet werden, k\u00f6nnen Sie auf\u00a0<a class=\"adsimple-221075545\" href=\"https:\/\/www.google.com\/intl\/de\/policies\/privacy\/\" rel=\"nofollow\">https:\/\/www.google.com\/intl\/de\/policies\/privacy\/<\/a>\u00a0nachlesen.<\/p>\n<h2 class=\"adsimple-221075545\">Eingebettete Social Media Elemente Datenschutzerkl\u00e4rung<\/h2>\n<p>Wir binden auf unserer Webseite Elemente von Social Media Diensten ein um Bilder, Videos und Texte anzuzeigen.<br \/>\nDurch den Besuch von Seiten die diese Elemente darstellen, werden Daten von Ihrem Browser zum jeweiligen Social Media Dienst \u00fcbertragen und dort gespeichert. Wir haben keinen Zugriff auf diese Daten.<br \/>\nDie folgenden Links f\u00fchren Sie zu den Seiten der jeweiligen Social Media Dienste wo erkl\u00e4rt wird, wie diese mit Ihren Daten umgehen:<\/p>\n<ul class=\"adsimple-221075545\">\n<li class=\"adsimple-221075545\">Instagram-Datenschutzrichtlinie:\u00a0<a class=\"adsimple-221075545\" href=\"https:\/\/help.instagram.com\/519522125107875?tid=221075545\" target=\"_blank\" rel=\"noopener nofollow\">https:\/\/help.instagram.com\/519522125107875<\/a><\/li>\n<li class=\"adsimple-221075545\">F\u00fcr YouTube gilt die Google Datenschutzerkl\u00e4rung:\u00a0<a class=\"adsimple-221075545\" href=\"https:\/\/policies.google.com\/privacy?hl=de&amp;tid=221075545\" target=\"_blank\" rel=\"noopener nofollow\">https:\/\/policies.google.com\/privacy?hl=de<\/a><\/li>\n<li class=\"adsimple-221075545\">Facebook-Datenrichtline:\u00a0<a class=\"adsimple-221075545\" href=\"https:\/\/www.facebook.com\/about\/privacy?tid=221075545\" target=\"_blank\" rel=\"noopener nofollow\">https:\/\/www.facebook.com\/about\/privacy<\/a><\/li>\n<li class=\"adsimple-221075545\">Twitter Datenschutzrichtlinie:\u00a0<a class=\"adsimple-221075545\" href=\"https:\/\/twitter.com\/de\/privacy?tid=221075545\" target=\"_blank\" rel=\"noopener nofollow\">https:\/\/twitter.com\/de\/privacy<\/a><\/li>\n<\/ul>\n<h2 class=\"adsimple-221075545\">Facebook Datenschutzerkl\u00e4rung<\/h2>\n<p>Wir verwenden auf dieser Webseite Funktionen von Facebook, einem Social Media Network der FIrma Facebook Ireland Ltd., 4 Grand Canal Square, Grand Canal Harbour, Dublin 2 Ireland.<br \/>\nWelche Funktionen (Soziale Plug-ins) Facebook bereitstellt, k\u00f6nnen Sie auf\u00a0<a class=\"adsimple-221075545\" href=\"https:\/\/developers.facebook.com\/docs\/plugins\/\" rel=\"nofollow\">https:\/\/developers.facebook.com\/docs\/plugins\/<\/a>\u00a0nachlesen.<br \/>\nDurch den Besuch unserer Webseite k\u00f6nnen Informationen an Facebook \u00fcbermittelt werden. Wenn Sie \u00fcber ein Facebook-Konto verf\u00fcgen, kann Facebook diese Daten Ihrem pers\u00f6nlichen Konto zuordnen. Sollten Sie das nicht w\u00fcnschen, melden Sie sich bitte von Facebook ab.<br \/>\nDie Datenschutzrichtlinien, welche Informationen Facebook sammelt und wie sie diese verwenden finden Sie auf\u00a0<a class=\"adsimple-221075545\" href=\"https:\/\/www.facebook.com\/policy.php\" rel=\"nofollow\">https:\/\/www.facebook.com\/policy.php<\/a>.<\/p>\n<p>Quelle: Erstellt\u00a0mit dem\u00a0<a title=\"Datenschutz Generator von firmenwebseiten.at\" href=\"https:\/\/www.firmenwebseiten.at\/datenschutz-generator\/\" target=\"_blank\" rel=\"follow noopener\">Datenschutz Generator von firmenwebseiten.at<\/a>\u00a0in Kooperation mit\u00a0<a class=\"external\" title=\"\" href=\"https:\/\/www.jobspot.at\/\" target=\"_blank\" rel=\"follow noopener\">jobspot.at<\/a><\/p>\n","protected":false},"excerpt":{"rendered":"<p>Impressum Informationspflicht laut \u00a75 E-Commerce Gesetz, \u00a714 Unternehmensgesetzbuch, \u00a763 Gewerbeordnung und Offenlegungspflicht laut \u00a725 Mediengesetz. ZVR:\u00a01788317910 Organschaftliche Vertreter Obmann\/Obfrau: Dr. Daniela Rotter Obmann\/Obfrau Stellvertreter: Jolande Vogel, MA. 8020 Graz Tel.:\u00a0+43 660 3573962 E-Mail:\u00a0lingusti@gmx.at Vereinszweck: Der Verein SprachSchatz versteht sich als Begegnungs-Raum f\u00fcr Menschen mit unterschiedlichen Sprachbiographien, der auf gegenseitiger Wertsch\u00e4tzung und Respekt sowie Offenheit basiert. &hellip; <\/p>\n<p class=\"link-more\"><a href=\"https:\/\/sprachschatz.at\/?page_id=380\" class=\"more-link\"><span class=\"screen-reader-text\">\u201eImpressum | Datenschutz\u201c<\/span> weiterlesen<\/a><\/p>\n","protected":false},"author":6,"featured_media":0,"parent":0,"menu_order":0,"comment_status":"closed","ping_status":"closed","template":"","meta":{"footnotes":""},"class_list":["post-380","page","type-page","status-publish","hentry"],"_links":{"self":[{"href":"https:\/\/sprachschatz.at\/index.php?rest_route=\/wp\/v2\/pages\/380","targetHints":{"allow":["GET"]}}],"collection":[{"href":"https:\/\/sprachschatz.at\/index.php?rest_route=\/wp\/v2\/pages"}],"about":[{"href":"https:\/\/sprachschatz.at\/index.php?rest_route=\/wp\/v2\/types\/page"}],"author":[{"embeddable":true,"href":"https:\/\/sprachschatz.at\/index.php?rest_route=\/wp\/v2\/users\/6"}],"replies":[{"embeddable":true,"href":"https:\/\/sprachschatz.at\/index.php?rest_route=%2Fwp%2Fv2%2Fcomments&post=380"}],"version-history":[{"count":4,"href":"https:\/\/sprachschatz.at\/index.php?rest_route=\/wp\/v2\/pages\/380\/revisions"}],"predecessor-version":[{"id":400,"href":"https:\/\/sprachschatz.at\/index.php?rest_route=\/wp\/v2\/pages\/380\/revisions\/400"}],"wp:attachment":[{"href":"https:\/\/sprachschatz.at\/index.php?rest_route=%2Fwp%2Fv2%2Fmedia&parent=380"}],"curies":[{"name":"wp","href":"https:\/\/api.w.org\/{rel}","templated":true}]}}