{"id":331,"date":"2018-10-10T19:17:37","date_gmt":"2018-10-10T19:17:37","guid":{"rendered":"http:\/\/sprachschatz.at\/?page_id=331"},"modified":"2026-01-22T10:06:27","modified_gmt":"2026-01-22T10:06:27","slug":"jobs","status":"publish","type":"page","link":"https:\/\/sprachschatz.at\/?page_id=331","title":{"rendered":"Eltern und Erziehungsberechtigte"},"content":{"rendered":"\n<h2 class=\"wp-block-heading\">Lingusti<\/h2>\n\n\n\n<p>Kinder lernen Sprach<strong>en<\/strong>&nbsp;ohne M\u00fche durch aktives Sprechen. Durch Kommunikation im Spiel, beim Essen, beim Malen und Basteln werden Kinder nat\u00fcrlicherweise motiviert, sich auch sprachlich einzubringen. Sie bringen alle F\u00e4higkeiten mit, auch mehrere Sprachen zu lernen. Diese F\u00e4higkeit zur Mehrsprachigkeit ist eine wunderbare Ressource und wie ein Schatz, den die Kinder in sich tragen!<\/p>\n\n\n\n<p>F\u00fcr viele Kinder ist Deutsch eine Perle in einer Schatztruhe. Sie sprechen mit den Eltern und Geschwistern eine oder mehrere andere Sprachen. Sie wechseln kompetent und nat\u00fcrlich zwischen den Sprachen und lernen die Welt auf unterschiedliche Weise verstehen. Alle Sprachen sind Sch\u00e4tze, die bei Lingusti gef\u00f6rdert werden.&nbsp;<\/p>\n\n\n\n<p>Deutsch lernen ist wichtig, um dazuzugeh\u00f6ren, und eine Stimme zu haben: im Kindergarten, in der Schule, im Gesch\u00e4ft oder am Spielplatz!&nbsp;Durch gemeinsame kreative Aktivit\u00e4ten und und Spiele lassen sich Kinder jeden Alters auf das Lernen ein. Sie lernen (meist) m\u00fchelos und freudvoll, wenn sie die Sprache aktiv h\u00f6ren und im Tun verwenden k\u00f6nnen.&nbsp;<\/p>\n\n\n\n<p>Darum geht es bei Lingusti: wir kreieren eine Lernumgebung, in der die Kinder die deutsche Sprache als bedeutsam und erlernbar erleben. Wir achten auf ihre Motivationen und Bed\u00fcrfnisse und gehen darauf ein. In einer kleinen Gruppe steht die achtsame und freundliche Kommunikation im Zentrum. So gelingt es, jedes Kind zu motivieren, mit uns ins Gespr\u00e4ch und gemeinsame Tun zu kommen: Wir tanzen, plaudern, lesen und basteln und lernen dabei die deutsche Sprache.<\/p>\n","protected":false},"excerpt":{"rendered":"<p>Lingusti Kinder lernen Sprachen&nbsp;ohne M\u00fche durch aktives Sprechen. Durch Kommunikation im Spiel, beim Essen, beim Malen und Basteln werden Kinder nat\u00fcrlicherweise motiviert, sich auch sprachlich einzubringen. Sie bringen alle F\u00e4higkeiten mit, auch mehrere Sprachen zu lernen. Diese F\u00e4higkeit zur Mehrsprachigkeit ist eine wunderbare Ressource und wie ein Schatz, den die Kinder in sich tragen! F\u00fcr &hellip; <\/p>\n<p class=\"link-more\"><a href=\"https:\/\/sprachschatz.at\/?page_id=331\" class=\"more-link\"><span class=\"screen-reader-text\">\u201eEltern und Erziehungsberechtigte\u201c<\/span> weiterlesen<\/a><\/p>\n","protected":false},"author":6,"featured_media":0,"parent":0,"menu_order":0,"comment_status":"closed","ping_status":"closed","template":"","meta":{"footnotes":""},"class_list":["post-331","page","type-page","status-publish","hentry"],"_links":{"self":[{"href":"https:\/\/sprachschatz.at\/index.php?rest_route=\/wp\/v2\/pages\/331","targetHints":{"allow":["GET"]}}],"collection":[{"href":"https:\/\/sprachschatz.at\/index.php?rest_route=\/wp\/v2\/pages"}],"about":[{"href":"https:\/\/sprachschatz.at\/index.php?rest_route=\/wp\/v2\/types\/page"}],"author":[{"embeddable":true,"href":"https:\/\/sprachschatz.at\/index.php?rest_route=\/wp\/v2\/users\/6"}],"replies":[{"embeddable":true,"href":"https:\/\/sprachschatz.at\/index.php?rest_route=%2Fwp%2Fv2%2Fcomments&post=331"}],"version-history":[{"count":4,"href":"https:\/\/sprachschatz.at\/index.php?rest_route=\/wp\/v2\/pages\/331\/revisions"}],"predecessor-version":[{"id":2122,"href":"https:\/\/sprachschatz.at\/index.php?rest_route=\/wp\/v2\/pages\/331\/revisions\/2122"}],"wp:attachment":[{"href":"https:\/\/sprachschatz.at\/index.php?rest_route=%2Fwp%2Fv2%2Fmedia&parent=331"}],"curies":[{"name":"wp","href":"https:\/\/api.w.org\/{rel}","templated":true}]}}