{"id":322,"date":"2018-10-10T19:10:47","date_gmt":"2018-10-10T19:10:47","guid":{"rendered":"http:\/\/sprachschatz.at\/?page_id=322"},"modified":"2026-01-25T10:59:17","modified_gmt":"2026-01-25T10:59:17","slug":"team","status":"publish","type":"page","link":"https:\/\/sprachschatz.at\/?page_id=322","title":{"rendered":"Team"},"content":{"rendered":"<p><img loading=\"lazy\" decoding=\"async\" class=\"size-thumbnail wp-image-439 aligncenter\" src=\"https:\/\/sprachschatz.at\/wp-content\/uploads\/2019\/04\/dani_frei-150x150.jpg\" alt=\"\" width=\"150\" height=\"150\" srcset=\"https:\/\/sprachschatz.at\/wp-content\/uploads\/2019\/04\/dani_frei-150x150.jpg 150w, https:\/\/sprachschatz.at\/wp-content\/uploads\/2019\/04\/dani_frei-300x300.jpg 300w, https:\/\/sprachschatz.at\/wp-content\/uploads\/2019\/04\/dani_frei-768x768.jpg 768w, https:\/\/sprachschatz.at\/wp-content\/uploads\/2019\/04\/dani_frei-1024x1024.jpg 1024w, https:\/\/sprachschatz.at\/wp-content\/uploads\/2019\/04\/dani_frei-100x100.jpg 100w\" sizes=\"auto, (max-width: 150px) 100vw, 150px\" \/><\/p>\n<p style=\"text-align: center;\"><strong>Daniela Rotter:<\/strong><\/p>\n<p style=\"text-align: center;\">Sprachwissenschafterin | Tanzp\u00e4dagogin | Schwerpunkt in Spracherwerb, Zweitsprachendidaktik und sprachsensibler Gespr\u00e4chsf\u00fchrung<\/p>\n<\/p>\n<p><img loading=\"lazy\" decoding=\"async\" class=\"wp-image-455 size-thumbnail aligncenter\" src=\"https:\/\/sprachschatz.at\/wp-content\/uploads\/2019\/05\/Foto_Carina-150x150.jpeg\" alt=\"\" width=\"150\" height=\"150\" srcset=\"https:\/\/sprachschatz.at\/wp-content\/uploads\/2019\/05\/Foto_Carina-150x150.jpeg 150w, https:\/\/sprachschatz.at\/wp-content\/uploads\/2019\/05\/Foto_Carina-100x100.jpeg 100w, https:\/\/sprachschatz.at\/wp-content\/uploads\/2019\/05\/Foto_Carina.jpeg 240w\" sizes=\"auto, (max-width: 150px) 100vw, 150px\" \/><\/p>\n<p style=\"text-align: center;\"><strong>Carina Hopp:<\/strong><\/p>\n<p style=\"text-align: center;\">Sonderp\u00e4dagogin | Theaterp\u00e4dagogin | Schwerpunkt m\u00fcndliche Sprachkompetenzen von Sch\u00fcler*innen mit DaZ<\/p>\n<\/p>\n\n<div class=\"wp-block-image\">\n<figure class=\"aligncenter is-resized\"><img loading=\"lazy\" decoding=\"async\" width=\"767\" height=\"1024\" src=\"https:\/\/sprachschatz.at\/wp-content\/uploads\/2020\/01\/Bernadette-Lipp-767x1024.jpg\" alt=\"\" class=\"wp-image-1126\" style=\"width:171px;height:228px\" srcset=\"https:\/\/sprachschatz.at\/wp-content\/uploads\/2020\/01\/Bernadette-Lipp-767x1024.jpg 767w, https:\/\/sprachschatz.at\/wp-content\/uploads\/2020\/01\/Bernadette-Lipp-225x300.jpg 225w, https:\/\/sprachschatz.at\/wp-content\/uploads\/2020\/01\/Bernadette-Lipp-768x1026.jpg 768w, https:\/\/sprachschatz.at\/wp-content\/uploads\/2020\/01\/Bernadette-Lipp.jpg 1173w\" sizes=\"auto, (max-width: 767px) 89vw, (max-width: 1000px) 54vw, (max-width: 1071px) 543px, 580px\" \/><\/figure>\n<\/div>\n\n\n<p class=\"has-text-align-center\"><strong>Bernadette Lipp:<\/strong><\/p>\n\n\n\n<p class=\"has-text-align-center\">Sprachwissenschaftlerin   |  Sozialp\u00e4dagogin   |  Bildende K\u00fcnstlerin Schwerpunkte Psycholinguistik (Spracherwerb) und Allgemeine P\u00e4dagogik <\/p>\n\n\n<div class=\"wp-block-image\">\n<figure class=\"aligncenter size-full is-resized\"><img loading=\"lazy\" decoding=\"async\" width=\"744\" height=\"896\" src=\"https:\/\/sprachschatz.at\/wp-content\/uploads\/2026\/01\/Bildschirmfoto-2026-01-25-um-11.55.33.png\" alt=\"\" class=\"wp-image-2147\" style=\"width:182px;height:236px\" srcset=\"https:\/\/sprachschatz.at\/wp-content\/uploads\/2026\/01\/Bildschirmfoto-2026-01-25-um-11.55.33.png 744w, https:\/\/sprachschatz.at\/wp-content\/uploads\/2026\/01\/Bildschirmfoto-2026-01-25-um-11.55.33-249x300.png 249w\" sizes=\"auto, (max-width: 706px) 89vw, (max-width: 767px) 82vw, 740px\" \/><\/figure>\n<\/div>\n\n\n<p class=\"has-text-align-center\"><strong>Matea Tomi\u0107-Tunji\u0107:<\/strong> <\/p>\n\n\n\n<p class=\"has-text-align-center\">Studentin   | DaF\/DaZ-Trainerin  |   Schwerpunkt Sprachliche Bildung und Diversit\u00e4t<\/p>\n\n\n\n<p>Ich studiere derzeit Volksschullehramt im Bachelor mit dem Schwerpunkt Sprachliche Bildung und Diversit\u00e4t. Im Rahmen einer Lehrveranstaltung bei meiner Professorin Daniela Rotter bin ich zum ersten Mal auf das Projekt aufmerksam geworden. Die kurze Einf\u00fchrung hat sofort mein Interesse geweckt: Ich wollte verstehen, wie das Projekt aufgebaut ist und wie die Arbeit darin konkret aussieht.<\/p>\n\n\n\n<p>Da mir die Arbeit mit Kindern gro\u00dfe Freude bereitet, hat mich besonders die Idee angesprochen, ihnen die Angst vor dem Deutschlernen zu nehmen und ihnen stattdessen Freiheit, Freiwilligkeit und Spa\u00df im Spracherwerb zu erm\u00f6glichen. Genau das sehe ich als zentrale Chance des Projekts: einen Raum zu schaffen, in dem Kinder ohne Druck lernen, sich ausprobieren und sprachlich wachsen k\u00f6nnen. F\u00fcr mich bedeutet das Projekt nicht nur, Kinder zu unterst\u00fctzen, sondern auch selbst in meiner Rolle zu lernen, mich weiterzuentwickeln und im Austausch voneinander zu profitieren.<\/p>\n\n\n<div class=\"wp-block-image\">\n<figure class=\"aligncenter size-large is-resized\"><img loading=\"lazy\" decoding=\"async\" width=\"907\" height=\"1024\" src=\"https:\/\/sprachschatz.at\/wp-content\/uploads\/2026\/01\/Bildschirmfoto-2026-01-13-um-19.16.06-1-907x1024.png\" alt=\"\" class=\"wp-image-2067\" style=\"width:192px;height:216px\" srcset=\"https:\/\/sprachschatz.at\/wp-content\/uploads\/2026\/01\/Bildschirmfoto-2026-01-13-um-19.16.06-1-907x1024.png 907w, https:\/\/sprachschatz.at\/wp-content\/uploads\/2026\/01\/Bildschirmfoto-2026-01-13-um-19.16.06-1-266x300.png 266w, https:\/\/sprachschatz.at\/wp-content\/uploads\/2026\/01\/Bildschirmfoto-2026-01-13-um-19.16.06-1-768x867.png 768w, https:\/\/sprachschatz.at\/wp-content\/uploads\/2026\/01\/Bildschirmfoto-2026-01-13-um-19.16.06-1.png 990w\" sizes=\"auto, (max-width: 767px) 89vw, (max-width: 1000px) 54vw, (max-width: 1071px) 543px, 580px\" \/><\/figure>\n<\/div>\n\n\n<p class=\"has-text-align-center\"><strong>Helene Celedin<\/strong><\/p>\n\n\n\n<p class=\"has-text-align-center\">Studentin   |   Schwerpunkt: Inklusion <\/p>\n\n\n\n<p>Ich studiere derzeit Volksschullehramt im Master mit dem Schwerpunkt Inklusion. Zum Projekt bin ich gekommen, weil ich mich im Rahmen meiner Masterarbeit mit dem Thema Sprachf\u00f6rderung besch\u00e4ftige. Was mich aber von Anfang an begeistert hat, ist die Arbeit mit den Kindern selbst: Sie lernen mit Freude und ohne Scham, und das in einem wertsch\u00e4tzenden Rahmen. Genau das w\u00fcnsche ich mir auch f\u00fcr den schulischen Alltag \u2013 dass alle Kinder sich sicher f\u00fchlen d\u00fcrfen, egal wie gut sie schon Deutsch sprechen.<\/p>\n\n\n\n<p>F\u00fcr mich bedeutet das Projekt, aktiv an einer Ver\u00e4nderung mitzuwirken, die hoffentlich auch langfristig Wirkung zeigt, sei es in Klassenzimmern, in der Haltung gegen\u00fcber Mehrsprachigkeit und im Miteinander.<\/p>\n\n\n<div class=\"wp-block-image\">\n<figure class=\"aligncenter size-full is-resized\"><img loading=\"lazy\" decoding=\"async\" width=\"408\" height=\"498\" src=\"https:\/\/sprachschatz.at\/wp-content\/uploads\/2026\/01\/Bildschirmfoto-2026-01-20-um-14.28.55-1.png\" alt=\"\" class=\"wp-image-2102\" style=\"width:187px;height:228px\" srcset=\"https:\/\/sprachschatz.at\/wp-content\/uploads\/2026\/01\/Bildschirmfoto-2026-01-20-um-14.28.55-1.png 408w, https:\/\/sprachschatz.at\/wp-content\/uploads\/2026\/01\/Bildschirmfoto-2026-01-20-um-14.28.55-1-246x300.png 246w\" sizes=\"auto, (max-width: 408px) 100vw, 408px\" \/><\/figure>\n<\/div>\n\n\n<p class=\"has-text-align-center\"><strong>Josefine Dietrich<\/strong><\/p>\n\n\n\n<p class=\"has-text-align-center\">Studentin   |   <meta charset=\"utf-8\">DaF\/DaZ-Trainerin <meta charset=\"utf-8\"> |  Schwerpunkt Sprachliche Bildung und Diversit\u00e4t<\/p>\n\n\n\n<p> Zurzeit studiere ich im Bachelor Volksschullehramt mit dem Schwerpunkt Sprachliche Bildung und Diversit\u00e4t. Das Projekt Lingusti durfte ich in der PH bei Frau Dr. Rotter kennen lernen und bin seither begeistert dabei. Die Arbeit mit den Kindern und Eltern ist f\u00fcr mich gleicherma\u00dfen bereichernd wie lehrreich. Ich wei\u00df die M\u00f6glichkeit, als begleitende Rolle das Deutschlernen der Kinder zu unterst\u00fctzen und mitzugestalten, sehr zu sch\u00e4tzen.<\/p>\n\n\n\n<p>Sprachschatz schafft einen Raum der Offenheit, der Freude  und des gemeinsamen Lernens und ich bin dankbar ein Teil davon sein zu d\u00fcrfen!<\/p>\n\n\n<div class=\"wp-block-image\">\n<figure class=\"aligncenter size-full is-resized\"><img loading=\"lazy\" decoding=\"async\" width=\"504\" height=\"648\" src=\"https:\/\/sprachschatz.at\/wp-content\/uploads\/2026\/01\/Christina-Weidacher-1.png\" alt=\"\" class=\"wp-image-2110\" style=\"width:180px;height:231px\" srcset=\"https:\/\/sprachschatz.at\/wp-content\/uploads\/2026\/01\/Christina-Weidacher-1.png 504w, https:\/\/sprachschatz.at\/wp-content\/uploads\/2026\/01\/Christina-Weidacher-1-233x300.png 233w\" sizes=\"auto, (max-width: 504px) 100vw, 504px\" \/><\/figure>\n<\/div>\n\n\n<p class=\"has-text-align-center\"><strong>Christina Weidacher<\/strong><\/p>\n\n\n\n<p class=\"has-text-align-center\">Studentin   |   <meta charset=\"utf-8\">Volksschullehrerin <\/p>\n\n\n\n<p>Ich studiere derzeit Volksschullehramt im Master mit dem Schwerpunkt Deutsch als Zweitsprache und arbeite parallel bereits in einer 4. Klasse. Durch diese Verbindung von Studium und schulischer Praxis erlebe ich t\u00e4glich, wie unterschiedlich Kinder Sprache erwerben und wie gro\u00df der Einfluss von Rahmenbedingungen, Beziehung und Lernatmosph\u00e4re auf den Sprachlernprozess ist.<\/p>\n\n\n\n<p>Zum Projekt bin ich im Rahmen meiner Masterarbeit gekommen. In dieser setze ich mich intensiv mit dem Erwerb der deutschen Sprache im au\u00dferschulischen Kontext auseinander und untersuche, inwiefern sich erfolgreiche Konzepte und Methoden auch auf den Unterricht in der Volksschule \u00fcbertragen lassen.<\/p>\n\n\n\n<p>Was mich an diesem Projekt von Beginn an begeistert hat, ist die Leichtigkeit, mit der Kinder hier die deutsche Sprache erlernen k\u00f6nnen. Die Lernprozesse entstehen nahezu selbstverst\u00e4ndlich \u2013 eingebettet in Spiel, Bewegung, Gespr\u00e4che und gemeinsames Tun. Der Rahmen, der den Kindern geboten wird, ist dabei einzigartig und sehr famili\u00e4r. Die Kinder erfahren Wertsch\u00e4tzung, Sicherheit und Zugeh\u00f6rigkeit, was eine zentrale Voraussetzung f\u00fcr gelingenden Spracherwerb darstellt. Solche Rahmenbedingungen sind im schulischen Alltag oft nur eingeschr\u00e4nkt m\u00f6glich, weshalb dieses Projekt f\u00fcr mich einen besonders wertvollen Lern- und Erfahrungsraum darstellt.<\/p>\n\n\n\n<p>F\u00fcr mich bedeutet das Projekt, Kinder beim Erlernen der deutschen Sprache spielerisch zu unterst\u00fctzen, individuell zu begleiten und ihnen Raum zu geben, Sprache ohne Angst vor Fehlern auszuprobieren. Es geht darum, Lernprozesse nicht zu bewerten, sondern zu erm\u00f6glichen, Vertrauen aufzubauen und Freude an Sprache zu wecken.<\/p>\n\n\n<div class=\"wp-block-image\">\n<figure class=\"aligncenter size-full is-resized\"><img loading=\"lazy\" decoding=\"async\" width=\"880\" height=\"1066\" src=\"https:\/\/sprachschatz.at\/wp-content\/uploads\/2026\/01\/Bildschirmfoto-2026-01-25-um-11.56.43.png\" alt=\"\" class=\"wp-image-2149\" style=\"width:180px;height:231px\" srcset=\"https:\/\/sprachschatz.at\/wp-content\/uploads\/2026\/01\/Bildschirmfoto-2026-01-25-um-11.56.43.png 880w, https:\/\/sprachschatz.at\/wp-content\/uploads\/2026\/01\/Bildschirmfoto-2026-01-25-um-11.56.43-248x300.png 248w, https:\/\/sprachschatz.at\/wp-content\/uploads\/2026\/01\/Bildschirmfoto-2026-01-25-um-11.56.43-845x1024.png 845w, https:\/\/sprachschatz.at\/wp-content\/uploads\/2026\/01\/Bildschirmfoto-2026-01-25-um-11.56.43-768x930.png 768w\" sizes=\"auto, (max-width: 767px) 89vw, (max-width: 1000px) 54vw, (max-width: 1071px) 543px, 580px\" \/><\/figure>\n<\/div>\n\n\n<p class=\"has-text-align-center\">Volksschullehrerin | <meta charset=\"utf-8\"><\/meta>Schwerpunkt Sprachliche Bildung und Diversit\u00e4t | Tanzp\u00e4dagogin | T\u00e4nzerin<\/p>\n\n\n\n<p>Mit Freude, in Beziehung und scheinbar \u201enebenbei\u201c Deutsch lernen zu k\u00f6nnen, weil es der Lebenswelt der Kinder entspricht \u2013 genau das macht das Konzept von Lingusti f\u00fcr mich so besonders. In der Arbeit bei Lingusti begeistern mich die Familien, die jeden Samstag zur Sprachwerkstatt kommen, ebenso wie die Kinder, die sich spielerisch, neugierig und offen auf unsere kreativen Angebote einlassen. <\/p>\n\n\n\n<p>In einem wertsch\u00e4tzenden Rahmen, getragen von fundierten theoretischen Grundlagen, hat Lingusti auf so vielen Ebenen Wertvolles f\u00fcr die Kinder zu bieten. Da ich mich intensiv mit Tanz und Sprache besch\u00e4ftige, bin ich dankbar, meine tanzp\u00e4dagogische Erfahrung, verbunden mit der Zweitsprachenf\u00f6rderung bei Lingusti, umzusetzen. Lingusti ist f\u00fcr mich ein Ort der Begegnung, Mehrsprachigkeit, Kreativit\u00e4t, Offenheit und Freude und ich finde es toll, dass es dieses Angebot in Graz gibt!<\/p>\n","protected":false},"excerpt":{"rendered":"<p>Daniela Rotter: Sprachwissenschafterin | Tanzp\u00e4dagogin | Schwerpunkt in Spracherwerb, Zweitsprachendidaktik und sprachsensibler Gespr\u00e4chsf\u00fchrung Carina Hopp: Sonderp\u00e4dagogin | Theaterp\u00e4dagogin | Schwerpunkt m\u00fcndliche Sprachkompetenzen von Sch\u00fcler*innen mit DaZ Bernadette Lipp: Sprachwissenschaftlerin | Sozialp\u00e4dagogin | Bildende K\u00fcnstlerin Schwerpunkte Psycholinguistik (Spracherwerb) und Allgemeine P\u00e4dagogik Matea Tomi\u0107-Tunji\u0107: Studentin | DaF\/DaZ-Trainerin | Schwerpunkt Sprachliche Bildung und Diversit\u00e4t Ich studiere derzeit Volksschullehramt &hellip; <\/p>\n<p class=\"link-more\"><a href=\"https:\/\/sprachschatz.at\/?page_id=322\" class=\"more-link\"><span class=\"screen-reader-text\">\u201eTeam\u201c<\/span> weiterlesen<\/a><\/p>\n","protected":false},"author":6,"featured_media":0,"parent":314,"menu_order":0,"comment_status":"closed","ping_status":"closed","template":"","meta":{"footnotes":""},"class_list":["post-322","page","type-page","status-publish","hentry"],"_links":{"self":[{"href":"https:\/\/sprachschatz.at\/index.php?rest_route=\/wp\/v2\/pages\/322","targetHints":{"allow":["GET"]}}],"collection":[{"href":"https:\/\/sprachschatz.at\/index.php?rest_route=\/wp\/v2\/pages"}],"about":[{"href":"https:\/\/sprachschatz.at\/index.php?rest_route=\/wp\/v2\/types\/page"}],"author":[{"embeddable":true,"href":"https:\/\/sprachschatz.at\/index.php?rest_route=\/wp\/v2\/users\/6"}],"replies":[{"embeddable":true,"href":"https:\/\/sprachschatz.at\/index.php?rest_route=%2Fwp%2Fv2%2Fcomments&post=322"}],"version-history":[{"count":52,"href":"https:\/\/sprachschatz.at\/index.php?rest_route=\/wp\/v2\/pages\/322\/revisions"}],"predecessor-version":[{"id":2150,"href":"https:\/\/sprachschatz.at\/index.php?rest_route=\/wp\/v2\/pages\/322\/revisions\/2150"}],"up":[{"embeddable":true,"href":"https:\/\/sprachschatz.at\/index.php?rest_route=\/wp\/v2\/pages\/314"}],"wp:attachment":[{"href":"https:\/\/sprachschatz.at\/index.php?rest_route=%2Fwp%2Fv2%2Fmedia&parent=322"}],"curies":[{"name":"wp","href":"https:\/\/api.w.org\/{rel}","templated":true}]}}