{"id":314,"date":"2018-10-10T18:58:41","date_gmt":"2018-10-10T18:58:41","guid":{"rendered":"http:\/\/sprachschatz.at\/?page_id=314"},"modified":"2019-09-23T12:30:46","modified_gmt":"2019-09-23T12:30:46","slug":"ueber-uns","status":"publish","type":"page","link":"https:\/\/sprachschatz.at\/?page_id=314","title":{"rendered":"\u00dcber Uns"},"content":{"rendered":"\n<p>Seit dem Sommer 2017 werden regelm\u00e4\u00dfig Sprachwerkst\u00e4tten und Projekte des Vereins durchgef\u00fchrt. Alle Projekte zeichnen sich durch die systematische und wissenschaftlich fundierte Zusammenf\u00fchrung der beiden Disziplinen Zweitspracherwerbsforschung und (Sozial-)P\u00e4dagogik aus. <br><\/p>\n","protected":false},"excerpt":{"rendered":"<p>Seit dem Sommer 2017 werden regelm\u00e4\u00dfig Sprachwerkst\u00e4tten und Projekte des Vereins durchgef\u00fchrt. Alle Projekte zeichnen sich durch die systematische und wissenschaftlich fundierte Zusammenf\u00fchrung der beiden Disziplinen Zweitspracherwerbsforschung und (Sozial-)P\u00e4dagogik aus.<\/p>\n","protected":false},"author":6,"featured_media":0,"parent":0,"menu_order":3,"comment_status":"closed","ping_status":"closed","template":"","meta":{"footnotes":""},"class_list":["post-314","page","type-page","status-publish","hentry"],"_links":{"self":[{"href":"https:\/\/sprachschatz.at\/index.php?rest_route=\/wp\/v2\/pages\/314","targetHints":{"allow":["GET"]}}],"collection":[{"href":"https:\/\/sprachschatz.at\/index.php?rest_route=\/wp\/v2\/pages"}],"about":[{"href":"https:\/\/sprachschatz.at\/index.php?rest_route=\/wp\/v2\/types\/page"}],"author":[{"embeddable":true,"href":"https:\/\/sprachschatz.at\/index.php?rest_route=\/wp\/v2\/users\/6"}],"replies":[{"embeddable":true,"href":"https:\/\/sprachschatz.at\/index.php?rest_route=%2Fwp%2Fv2%2Fcomments&post=314"}],"version-history":[{"count":4,"href":"https:\/\/sprachschatz.at\/index.php?rest_route=\/wp\/v2\/pages\/314\/revisions"}],"predecessor-version":[{"id":1093,"href":"https:\/\/sprachschatz.at\/index.php?rest_route=\/wp\/v2\/pages\/314\/revisions\/1093"}],"wp:attachment":[{"href":"https:\/\/sprachschatz.at\/index.php?rest_route=%2Fwp%2Fv2%2Fmedia&parent=314"}],"curies":[{"name":"wp","href":"https:\/\/api.w.org\/{rel}","templated":true}]}}