{"id":26,"date":"2017-11-07T21:54:36","date_gmt":"2017-11-07T21:54:36","guid":{"rendered":"http:\/\/sprachschatz.at\/?page_id=26"},"modified":"2018-10-10T20:30:09","modified_gmt":"2018-10-10T20:30:09","slug":"startseite","status":"publish","type":"page","link":"https:\/\/sprachschatz.at\/","title":{"rendered":"Home"},"content":{"rendered":"<p><img loading=\"lazy\" decoding=\"async\" class=\"wp-image-193 size-medium alignright\" src=\"https:\/\/sprachschatz.at\/wp-content\/uploads\/2018\/04\/Muschel_neu-300x253.jpg\" alt=\"\" width=\"300\" height=\"253\" srcset=\"https:\/\/sprachschatz.at\/wp-content\/uploads\/2018\/04\/Muschel_neu-300x253.jpg 300w, https:\/\/sprachschatz.at\/wp-content\/uploads\/2018\/04\/Muschel_neu-768x647.jpg 768w, https:\/\/sprachschatz.at\/wp-content\/uploads\/2018\/04\/Muschel_neu-1024x862.jpg 1024w\" sizes=\"auto, (max-width: 300px) 100vw, 300px\" \/><\/p>\n<p style=\"text-align: left;\"><em>\u201cWir alle sprechen lieber mit Menschen, die gerne mit uns kommunizieren, die uns nicht f\u00fcr dumm halten, nur weil wir nichts sagen, und die nicht jedes von uns ge\u00e4u\u00dferte Wort auf die Goldwaage legen.\u201c<\/em><\/p>\n<p style=\"text-align: left;\">(Rosemarie Tracy, 2008)<\/p>\n<p>&nbsp;<\/p>\n","protected":false},"excerpt":{"rendered":"<p>\u201cWir alle sprechen lieber mit Menschen, die gerne mit uns kommunizieren, die uns nicht f\u00fcr dumm halten, nur weil wir nichts sagen, und die nicht jedes von uns ge\u00e4u\u00dferte Wort auf die Goldwaage legen.\u201c (Rosemarie Tracy, 2008) &nbsp;<\/p>\n","protected":false},"author":6,"featured_media":0,"parent":0,"menu_order":1,"comment_status":"closed","ping_status":"closed","template":"","meta":{"footnotes":""},"class_list":["post-26","page","type-page","status-publish","hentry"],"_links":{"self":[{"href":"https:\/\/sprachschatz.at\/index.php?rest_route=\/wp\/v2\/pages\/26","targetHints":{"allow":["GET"]}}],"collection":[{"href":"https:\/\/sprachschatz.at\/index.php?rest_route=\/wp\/v2\/pages"}],"about":[{"href":"https:\/\/sprachschatz.at\/index.php?rest_route=\/wp\/v2\/types\/page"}],"author":[{"embeddable":true,"href":"https:\/\/sprachschatz.at\/index.php?rest_route=\/wp\/v2\/users\/6"}],"replies":[{"embeddable":true,"href":"https:\/\/sprachschatz.at\/index.php?rest_route=%2Fwp%2Fv2%2Fcomments&post=26"}],"version-history":[{"count":18,"href":"https:\/\/sprachschatz.at\/index.php?rest_route=\/wp\/v2\/pages\/26\/revisions"}],"predecessor-version":[{"id":354,"href":"https:\/\/sprachschatz.at\/index.php?rest_route=\/wp\/v2\/pages\/26\/revisions\/354"}],"wp:attachment":[{"href":"https:\/\/sprachschatz.at\/index.php?rest_route=%2Fwp%2Fv2%2Fmedia&parent=26"}],"curies":[{"name":"wp","href":"https:\/\/api.w.org\/{rel}","templated":true}]}}