{"id":1941,"date":"2020-05-25T12:48:01","date_gmt":"2020-05-25T12:48:01","guid":{"rendered":"http:\/\/sprachschatz.at\/?page_id=1941"},"modified":"2020-05-25T12:48:01","modified_gmt":"2020-05-25T12:48:01","slug":"handreichung-lingustini-jetzt-herunterladen","status":"publish","type":"page","link":"https:\/\/sprachschatz.at\/?page_id=1941","title":{"rendered":"Handreichung &#8222;Lingustini&#8220; &#8211; jetzt herunterladen!"},"content":{"rendered":"\n<p>F\u00fcr die Umsetzung des Lingustini-Programms in Kinderg\u00e4rten kann die Handreichung nun heruntergeladen werden und steht zur freien Verf\u00fcgung! <\/p>\n\n\n\n<div class=\"wp-block-file\"><a href=\"https:\/\/sprachschatz.at\/wp-content\/uploads\/2020\/05\/Handreichung_Lingustini_final-1.pdf\">Handreichung_Lingustini_final<\/a><a href=\"https:\/\/sprachschatz.at\/wp-content\/uploads\/2020\/05\/Handreichung_Lingustini_final-1.pdf\" class=\"wp-block-file__button\" download>Herunterladen<\/a><\/div>\n","protected":false},"excerpt":{"rendered":"<p>F\u00fcr die Umsetzung des Lingustini-Programms in Kinderg\u00e4rten kann die Handreichung nun heruntergeladen werden und steht zur freien Verf\u00fcgung!<\/p>\n","protected":false},"author":5,"featured_media":0,"parent":0,"menu_order":0,"comment_status":"closed","ping_status":"closed","template":"","meta":{"footnotes":""},"class_list":["post-1941","page","type-page","status-publish","hentry"],"_links":{"self":[{"href":"https:\/\/sprachschatz.at\/index.php?rest_route=\/wp\/v2\/pages\/1941","targetHints":{"allow":["GET"]}}],"collection":[{"href":"https:\/\/sprachschatz.at\/index.php?rest_route=\/wp\/v2\/pages"}],"about":[{"href":"https:\/\/sprachschatz.at\/index.php?rest_route=\/wp\/v2\/types\/page"}],"author":[{"embeddable":true,"href":"https:\/\/sprachschatz.at\/index.php?rest_route=\/wp\/v2\/users\/5"}],"replies":[{"embeddable":true,"href":"https:\/\/sprachschatz.at\/index.php?rest_route=%2Fwp%2Fv2%2Fcomments&post=1941"}],"version-history":[{"count":2,"href":"https:\/\/sprachschatz.at\/index.php?rest_route=\/wp\/v2\/pages\/1941\/revisions"}],"predecessor-version":[{"id":1960,"href":"https:\/\/sprachschatz.at\/index.php?rest_route=\/wp\/v2\/pages\/1941\/revisions\/1960"}],"wp:attachment":[{"href":"https:\/\/sprachschatz.at\/index.php?rest_route=%2Fwp%2Fv2%2Fmedia&parent=1941"}],"curies":[{"name":"wp","href":"https:\/\/api.w.org\/{rel}","templated":true}]}}