{"id":1030,"date":"2019-09-22T08:14:02","date_gmt":"2019-09-22T08:14:02","guid":{"rendered":"http:\/\/sprachschatz.at\/?page_id=1030"},"modified":"2026-01-14T12:21:49","modified_gmt":"2026-01-14T12:21:49","slug":"lingustini-kreativworkshop","status":"publish","type":"page","link":"https:\/\/sprachschatz.at\/?page_id=1030","title":{"rendered":"Lingusti &#8211; Kreativworkshop fuer PaedagogInnen"},"content":{"rendered":"\n<p>Im Workshop lernen Sie die zentralen Motive der Lingusti-Sprachwerkstatt  kennen. Ausgehend von einer lebensweltorientierten Perspektive auf  Grundschulkinder wird eine anregende Spiel- und Lernumgebung gestaltet,  die dazu genutzt wird, die Kinder sprachlich und pers\u00f6nlich zu st\u00e4rken.  Das eigens entwickelte personenzentrierte Modell zur F\u00f6rderung  sprachlicher und pers\u00f6nlicher Kompetenzen (Rotter|Vogel 2018) dient als Ausgangspunkt, um p\u00e4dagogische Angebote zu gestalten und liefert konkrete Hinweise zur Interaktionsgestaltung und Gespraechsf\u00fchrung.\u00a0<\/p>\n\n\n\n<p><strong>Umfang<\/strong>: halbtaegig oder ganztaegig <\/p>\n\n\n\n<p><strong>TeilnehmerInnen<\/strong>: max. 12<\/p>\n\n\n\n<p><strong>Kosten<\/strong>: 1000 Euro <\/p>\n\n\n\n<p><strong>Kontakt<\/strong>:&nbsp;lingusti@gmx.at<\/p>\n","protected":false},"excerpt":{"rendered":"<p>Im Workshop lernen Sie die zentralen Motive der Lingusti-Sprachwerkstatt kennen. Ausgehend von einer lebensweltorientierten Perspektive auf Grundschulkinder wird eine anregende Spiel- und Lernumgebung gestaltet, die dazu genutzt wird, die Kinder sprachlich und pers\u00f6nlich zu st\u00e4rken. Das eigens entwickelte personenzentrierte Modell zur F\u00f6rderung sprachlicher und pers\u00f6nlicher Kompetenzen (Rotter|Vogel 2018) dient als Ausgangspunkt, um p\u00e4dagogische Angebote zu &hellip; <\/p>\n<p class=\"link-more\"><a href=\"https:\/\/sprachschatz.at\/?page_id=1030\" class=\"more-link\"><span class=\"screen-reader-text\">\u201eLingusti &#8211; Kreativworkshop fuer PaedagogInnen\u201c<\/span> weiterlesen<\/a><\/p>\n","protected":false},"author":1,"featured_media":0,"parent":0,"menu_order":0,"comment_status":"closed","ping_status":"closed","template":"","meta":{"footnotes":""},"class_list":["post-1030","page","type-page","status-publish","hentry"],"_links":{"self":[{"href":"https:\/\/sprachschatz.at\/index.php?rest_route=\/wp\/v2\/pages\/1030","targetHints":{"allow":["GET"]}}],"collection":[{"href":"https:\/\/sprachschatz.at\/index.php?rest_route=\/wp\/v2\/pages"}],"about":[{"href":"https:\/\/sprachschatz.at\/index.php?rest_route=\/wp\/v2\/types\/page"}],"author":[{"embeddable":true,"href":"https:\/\/sprachschatz.at\/index.php?rest_route=\/wp\/v2\/users\/1"}],"replies":[{"embeddable":true,"href":"https:\/\/sprachschatz.at\/index.php?rest_route=%2Fwp%2Fv2%2Fcomments&post=1030"}],"version-history":[{"count":7,"href":"https:\/\/sprachschatz.at\/index.php?rest_route=\/wp\/v2\/pages\/1030\/revisions"}],"predecessor-version":[{"id":2072,"href":"https:\/\/sprachschatz.at\/index.php?rest_route=\/wp\/v2\/pages\/1030\/revisions\/2072"}],"wp:attachment":[{"href":"https:\/\/sprachschatz.at\/index.php?rest_route=%2Fwp%2Fv2%2Fmedia&parent=1030"}],"curies":[{"name":"wp","href":"https:\/\/api.w.org\/{rel}","templated":true}]}}