{"id":1029,"date":"2019-09-22T08:14:02","date_gmt":"2019-09-22T08:14:02","guid":{"rendered":"http:\/\/sprachschatz.at\/?page_id=1029"},"modified":"2019-09-22T08:28:24","modified_gmt":"2019-09-22T08:28:24","slug":"basisworkshop","status":"publish","type":"page","link":"https:\/\/sprachschatz.at\/?page_id=1029","title":{"rendered":"Basisworkshop"},"content":{"rendered":"\n<p><strong>Wie Kinder eine, zwei, drei, \u2026 Sprachen lernen und was das mit dem deutschen Wo und Wohin zu tun hat?<\/strong>\u00a0<\/p>\n\n\n\n<p>Warum\n sind \u00c4u\u00dferungen wie &#8222;Bei ein Tisch&#8220; oder &#8222;In die Boden&#8220; so h\u00e4ufig und \nhartn\u00e4ckig und wie kann man als P\u00e4dagogIn darauf reagieren?&nbsp;&nbsp;<\/p>\n\n\n\n<p>In  diesem Modul wird auf Basis der neuesten wissenschaftlichen  Erkenntnisse zum fr\u00fchkindlichen Zweitspracherwerb verdeutlicht, wie  mehrsprachige Kinder die Meilensteine des Zweitspracherwerbs Deutsch  meistern, worauf man als Betreuungsperson achten kann und welche  Stolpersteine es gibt. Der Workshop verdeutlicht Zusammenh\u00e4nge zwischen  den bekannten DaZ-Stolpersteinen und der Spezifik des Deutschen. Diese bilden das Zentrum der Lingusti-Sprachwerkstaetten.<\/p>\n\n\n\n<p>Durch\n die Teilnahme am Workshop gelangen Sie zu einem sicheren Umgang mit \nMehrsprachigkeit und wissen um die H\u00fcrden, die Kinder mit DaZ bew\u00e4ltigen\n m\u00fcssen. Sie erhalten konkrete Hinweise, wie Aktivit\u00e4ten zur \nSprachf\u00f6rderung gestaltet werden k\u00f6nnen und welche Hilfestellungen Sie \nals Gespr\u00e4chspartnerInnen bieten k\u00f6nnen.&nbsp;<\/p>\n\n\n\n<p><strong>Inhalte:&nbsp;<\/strong><\/p>\n\n\n\n<ul class=\"wp-block-list\"><li>Mythen und Fakten zum kindlichen Zweitspracherwerb im mehrsprachigen Umfeld&nbsp;<\/li><li>sprachliche Besonderheiten des Deutschen als Ursache f\u00fcr DaZ-Stolpersteine&nbsp;<\/li><li>Lokale Verben und Pr\u00e4positionen als Ausgangspunkt f\u00fcr die DaZ-F\u00f6rderung&nbsp;<\/li><\/ul>\n\n\n\n<p><strong>Umfang<\/strong>: 1 Vormittag, 4h&nbsp;<\/p>\n\n\n\n<p><strong>TeilnehmerInnen<\/strong>: max. 15 Personen&nbsp;<\/p>\n\n\n\n<p><strong>Kosten<\/strong>: 800\u00a0<\/p>\n\n\n\n<p><strong>Kontakt<\/strong>: lingusti@gmx.at<\/p>\n","protected":false},"excerpt":{"rendered":"<p>Wie Kinder eine, zwei, drei, \u2026 Sprachen lernen und was das mit dem deutschen Wo und Wohin zu tun hat?\u00a0 Warum sind \u00c4u\u00dferungen wie &#8222;Bei ein Tisch&#8220; oder &#8222;In die Boden&#8220; so h\u00e4ufig und hartn\u00e4ckig und wie kann man als P\u00e4dagogIn darauf reagieren?&nbsp;&nbsp; In diesem Modul wird auf Basis der neuesten wissenschaftlichen Erkenntnisse zum fr\u00fchkindlichen &hellip; <\/p>\n<p class=\"link-more\"><a href=\"https:\/\/sprachschatz.at\/?page_id=1029\" class=\"more-link\"><span class=\"screen-reader-text\">\u201eBasisworkshop\u201c<\/span> weiterlesen<\/a><\/p>\n","protected":false},"author":1,"featured_media":0,"parent":0,"menu_order":0,"comment_status":"closed","ping_status":"closed","template":"","meta":{"footnotes":""},"class_list":["post-1029","page","type-page","status-publish","hentry"],"_links":{"self":[{"href":"https:\/\/sprachschatz.at\/index.php?rest_route=\/wp\/v2\/pages\/1029","targetHints":{"allow":["GET"]}}],"collection":[{"href":"https:\/\/sprachschatz.at\/index.php?rest_route=\/wp\/v2\/pages"}],"about":[{"href":"https:\/\/sprachschatz.at\/index.php?rest_route=\/wp\/v2\/types\/page"}],"author":[{"embeddable":true,"href":"https:\/\/sprachschatz.at\/index.php?rest_route=\/wp\/v2\/users\/1"}],"replies":[{"embeddable":true,"href":"https:\/\/sprachschatz.at\/index.php?rest_route=%2Fwp%2Fv2%2Fcomments&post=1029"}],"version-history":[{"count":5,"href":"https:\/\/sprachschatz.at\/index.php?rest_route=\/wp\/v2\/pages\/1029\/revisions"}],"predecessor-version":[{"id":1065,"href":"https:\/\/sprachschatz.at\/index.php?rest_route=\/wp\/v2\/pages\/1029\/revisions\/1065"}],"wp:attachment":[{"href":"https:\/\/sprachschatz.at\/index.php?rest_route=%2Fwp%2Fv2%2Fmedia&parent=1029"}],"curies":[{"name":"wp","href":"https:\/\/api.w.org\/{rel}","templated":true}]}}